{"id":842,"date":"2025-04-01T17:34:36","date_gmt":"2025-04-01T17:34:36","guid":{"rendered":"https:\/\/papaisonstore.com\/papaisonstore\/?page_id=842"},"modified":"2025-04-01T17:34:36","modified_gmt":"2025-04-01T17:34:36","slug":"manual-rollers-mod-uruguay-4-flat","status":"publish","type":"page","link":"https:\/\/papaisonstore.com\/papaisonstore\/manual-rollers-mod-uruguay-4-flat\/","title":{"rendered":"Manual Rollers Mod: URUGUAY 4 flat"},"content":{"rendered":"\n<div class=\"wp-block-columns is-layout-flex wp-container-core-columns-is-layout-28f84493 wp-block-columns-is-layout-flex\">\n<div class=\"wp-block-column is-layout-flow wp-block-column-is-layout-flow\" style=\"flex-basis:15%\">\n<figure class=\"wp-block-image size-large is-resized\"><img loading=\"lazy\" decoding=\"async\" width=\"1024\" height=\"680\" src=\"https:\/\/papaisonstore.com\/papaisonstore\/wp-content\/uploads\/2025\/04\/bandera-uruguay-8-1024x680.jpeg\" alt=\"\" class=\"wp-image-843\" style=\"width:86px;height:auto\" srcset=\"https:\/\/papaisonstore.com\/papaisonstore\/wp-content\/uploads\/2025\/04\/bandera-uruguay-8-1024x680.jpeg 1024w, https:\/\/papaisonstore.com\/papaisonstore\/wp-content\/uploads\/2025\/04\/bandera-uruguay-8-300x199.jpeg 300w, https:\/\/papaisonstore.com\/papaisonstore\/wp-content\/uploads\/2025\/04\/bandera-uruguay-8-768x510.jpeg 768w, https:\/\/papaisonstore.com\/papaisonstore\/wp-content\/uploads\/2025\/04\/bandera-uruguay-8.jpeg 1536w\" sizes=\"auto, (max-width: 1024px) 100vw, 1024px\" \/><\/figure>\n<\/div>\n\n\n\n<div class=\"wp-block-column is-vertically-aligned-center is-layout-flow wp-block-column-is-layout-flow\">\n<h2 class=\"wp-block-heading\">Manual y Garant\u00eda<\/h2>\n<\/div>\n<\/div>\n\n\n\n<p class=\"has-text-align-center has-xx-large-font-size\" style=\"border-radius:22px\"><strong><em>Manual de usuario<\/em><\/strong><\/p>\n\n\n\n<p class=\"has-x-large-font-size\">           <strong><em>Antes de empezar <\/em><\/strong><\/p>\n\n\n\n<p class=\"has-large-font-size\"><strong><em>La seguridad primero :<\/em><\/strong><\/p>\n\n\n\n<p class=\"has-medium-font-size\">Los rollers en l\u00ednea, como cualquier otro deporte que implique movimientos, es una actividad con ciertos peligros.<\/p>\n\n\n\n<p>Nosotros recomendamos que todos los usuarios utilicen protecciones; incluyendo casco, coderas, rodilleras y protector de manos, como tambi\u00e9n elementos refractarios.<\/p>\n\n\n\n<p>Usted es el \u00fanico que puede reducir el riesgo inherente del deporte, usando protecciones como tambi\u00e9n manteniendo el control todo el tiempo.<\/p>\n\n\n\n<p class=\"has-large-font-size\"><strong>Antes de usar sus rollers :<\/strong><\/p>\n\n\n\n<figure class=\"wp-block-image alignright size-full\"><img loading=\"lazy\" decoding=\"async\" width=\"327\" height=\"468\" src=\"https:\/\/papaisonstore.com\/papaisonstore\/wp-content\/uploads\/2025\/03\/e6739e5b-2263-4599-976c-61bfe0f7d552.jpg\" alt=\"\" class=\"wp-image-181\" srcset=\"https:\/\/papaisonstore.com\/papaisonstore\/wp-content\/uploads\/2025\/03\/e6739e5b-2263-4599-976c-61bfe0f7d552.jpg 327w, https:\/\/papaisonstore.com\/papaisonstore\/wp-content\/uploads\/2025\/03\/e6739e5b-2263-4599-976c-61bfe0f7d552-210x300.jpg 210w\" sizes=\"auto, (max-width: 327px) 100vw, 327px\" \/><\/figure>\n\n\n\n<ul class=\"wp-block-list\">\n<li>Siempre inspeccione los rollers antes de cada uso.<\/li>\n\n\n\n<li>Mueva cada rueda para comprobar que los ejes est\u00e9n ajustados y firmes.<\/li>\n\n\n\n<li>Chequee todos los tornillos y pernos, los mismos deben estar bien apretados y no tener movimientos, aj\u00fastelos con la llave Allen que incluimos con su compra, es especialmente importante este paso en los rollers en desuso o nuevos.<\/li>\n\n\n\n<li>Gire las ruedas para ver que los rulemanes est\u00e9n en buen estado.<\/li>\n\n\n\n<li>Inspeccione el desgaste de las ruedas, el excesivo desgaste puede disminuir el control y bajar la performance.<\/li>\n\n\n\n<li>Chequee el estado de los frenos, deben estar bien sujetos y que el desgaste no sea excesivo ni deben de estar rotos o quebrados.<\/li>\n\n\n\n<li>Mire por roturas o cortes en el chasis met\u00e1lico, si nota esto no use sus rollers y consulte con el servicio t\u00e9cnico por repuestos.<\/li>\n\n\n\n<li>Use medias deportivas, sus rollers deben sentirse seguros sin que sus pies est\u00e9n demasiado ajustados o inc\u00f3modos.<\/li>\n\n\n\n<li>Para uso \u00f3ptimo, asegure que sus cordones est\u00e9n bien ajustados y seguros, antes de cada uso.<\/li>\n\n\n\n<li>Use todas las protecciones: Casco, Coderas, Rodilleras y Manoplas.<\/li>\n<\/ul>\n\n\n\n<p class=\"has-large-font-size\"><strong>Ajuste sus rollers:<\/strong><\/p>\n\n\n\n<ul class=\"wp-block-list\">\n<li>Nuestro rollers en l\u00ednea fueron dise\u00f1ados para ser seguros y confortables para la mayor parte de los talles y tipos de pies. Regulando los sistemas de ajuste puede lograr el ajuste correcto para su pie buscando el punto medio y as\u00ed usarlos con comodidad pero tambi\u00e9n con seguridad.<\/li>\n<\/ul>\n\n\n\n<p class=\"has-large-font-size\">\u00bf<strong><em>C\u00f3mo se frena?<\/em><\/strong><\/p>\n\n\n\n<ul class=\"wp-block-list\">\n<li>Doblando suavemente su pierna (sin freno) y extendiendo la otra (con freno), luego levantar los dedos de su pie para que el freno llegue al piso, cuando mas presione el mismo contra el piso mas r\u00e1pido frenara, recomendamos hacerlo suavemente y subir la intensidad seg\u00fan su necesidad.<\/li>\n<\/ul>\n\n\n\n<p><\/p>\n\n\n\n<p><\/p>\n\n\n\n<p class=\"has-x-large-font-size\">     <em> Mantenimiento de sus rollers     <\/em>                       <\/p>\n\n\n\n<p class=\"has-large-font-size\">Mantenimiento en general :<\/p>\n\n\n\n<p>Chequeando sus equipos regularmente se asegurar\u00e1 de mantener las optimas medidas de funcionamiento y seguridad. El usuario no debe hacer modificaciones de los rollers ya que las mismas pueden generar deficiencias, los mismos est\u00e1n confeccionados sobre altos est\u00e1ndares de seguridad. Peri\u00f3dicamente verifique el funcionamiento de su equipo sacando cualquier obstrucci\u00f3n que pueda generar inestabilidad al usarlo.<\/p>\n\n\n\n<figure class=\"wp-block-image aligncenter size-large\"><img loading=\"lazy\" decoding=\"async\" width=\"1024\" height=\"343\" src=\"https:\/\/papaisonstore.com\/papaisonstore\/wp-content\/uploads\/2025\/03\/1860b3ae-d396-4149-938c-cbca5c5b9e4f-1024x343.jpg\" alt=\"\" class=\"wp-image-182\" srcset=\"https:\/\/papaisonstore.com\/papaisonstore\/wp-content\/uploads\/2025\/03\/1860b3ae-d396-4149-938c-cbca5c5b9e4f-1024x343.jpg 1024w, https:\/\/papaisonstore.com\/papaisonstore\/wp-content\/uploads\/2025\/03\/1860b3ae-d396-4149-938c-cbca5c5b9e4f-300x100.jpg 300w, https:\/\/papaisonstore.com\/papaisonstore\/wp-content\/uploads\/2025\/03\/1860b3ae-d396-4149-938c-cbca5c5b9e4f-768x257.jpg 768w, https:\/\/papaisonstore.com\/papaisonstore\/wp-content\/uploads\/2025\/03\/1860b3ae-d396-4149-938c-cbca5c5b9e4f.jpg 1166w\" sizes=\"auto, (max-width: 1024px) 100vw, 1024px\" \/><\/figure>\n\n\n\n<p class=\"has-large-font-size\"><em><strong>Ruedas :<\/strong><\/em><\/p>\n\n\n\n<p>Las Ruedas son el componente m\u00e1s importante de sus rollers. Para mantener las m\u00e1s alta performance, debe rotar y chequear las ruedas continuamente. Si las ruedas est\u00e1n desgastadas o si se desgastaron en forma irregular, su estabilidad puede estar siendo afectada, por esto recomendamos rotar la posici\u00f3n de las ruedas, si todas las ruedas est\u00e1n muy desgastadas deben reemplazarlas directamente.<\/p>\n\n\n\n<figure class=\"wp-block-image aligncenter size-large\"><img loading=\"lazy\" decoding=\"async\" width=\"1024\" height=\"389\" src=\"https:\/\/papaisonstore.com\/papaisonstore\/wp-content\/uploads\/2025\/03\/e17c2b08-891b-4df5-9ebf-7642a4453ebc-1024x389.jpg\" alt=\"\" class=\"wp-image-184\" srcset=\"https:\/\/papaisonstore.com\/papaisonstore\/wp-content\/uploads\/2025\/03\/e17c2b08-891b-4df5-9ebf-7642a4453ebc-1024x389.jpg 1024w, https:\/\/papaisonstore.com\/papaisonstore\/wp-content\/uploads\/2025\/03\/e17c2b08-891b-4df5-9ebf-7642a4453ebc-300x114.jpg 300w, https:\/\/papaisonstore.com\/papaisonstore\/wp-content\/uploads\/2025\/03\/e17c2b08-891b-4df5-9ebf-7642a4453ebc-768x292.jpg 768w, https:\/\/papaisonstore.com\/papaisonstore\/wp-content\/uploads\/2025\/03\/e17c2b08-891b-4df5-9ebf-7642a4453ebc.jpg 1280w\" sizes=\"auto, (max-width: 1024px) 100vw, 1024px\" \/><\/figure>\n\n\n\n<p>Use la llave Allen (incluida en el paquete) para sacar la primera rueda del pie derecho, mueva la tercera rueda en el lugar de la primera con la parte mas gastada para afuera y contin\u00fae los pasos de la imagen para rotar todas las ruedas, de esta manera podr\u00e1 mantener el desgaste parejo.<\/p>\n\n\n\n<p><strong>NOTA<\/strong>: La tasa de desgaste puede ser afectada por varios factores, pero debe rotar las ruedas para distribuir el desgaste. No hay reglas generales para el cambio de ruedas, pero recomendamos que una vez que el desgaste hace perder estabilidad o bajar rendimiento, ya deber\u00eda cambiar las ruedas.<\/p>\n\n\n\n<p class=\"has-large-font-size\"><strong><em>EJES<\/em><\/strong> :<\/p>\n\n\n\n<p>Ajustar los ejes, tornillos y otros sujetadores que llevan rosca es lo m\u00e1s importante del funcionamiento del rollers, lo que dar\u00e1 100% de seguridad al andar. Todas las roscas tienen aplicado una sustancia azul que fuerza y protege de que se desenrosquen, pero todo articulo con vibraci\u00f3n (como son los rollers) tienen posibilidad de que aflojen, por esto es que recomendamos ajustar continuamente para evitar la perdidas de partes y posible ca\u00eddas.<\/p>\n\n\n\n<figure class=\"wp-block-image size-full\"><img loading=\"lazy\" decoding=\"async\" width=\"712\" height=\"426\" src=\"https:\/\/papaisonstore.com\/papaisonstore\/wp-content\/uploads\/2025\/03\/WhatsApp-Image-2025-03-18-at-3.04.27-PM-1.jpeg\" alt=\"\" class=\"wp-image-186\" srcset=\"https:\/\/papaisonstore.com\/papaisonstore\/wp-content\/uploads\/2025\/03\/WhatsApp-Image-2025-03-18-at-3.04.27-PM-1.jpeg 712w, https:\/\/papaisonstore.com\/papaisonstore\/wp-content\/uploads\/2025\/03\/WhatsApp-Image-2025-03-18-at-3.04.27-PM-1-300x179.jpeg 300w\" sizes=\"auto, (max-width: 712px) 100vw, 712px\" \/><\/figure>\n\n\n\n<p class=\"has-large-font-size\"><strong><em>Rulemanes<\/em><\/strong> <\/p>\n\n\n\n<p>Para asegurar una larga vida a los rulemanes debe limpiarlo y lubricarlo con frecuencia.<\/p>\n\n\n\n<p class=\"has-large-font-size\"><strong><em>Limpieza de los rulemanes :<\/em><\/strong><\/p>\n\n\n\n<figure class=\"wp-block-image alignright size-full is-resized\"><img loading=\"lazy\" decoding=\"async\" width=\"432\" height=\"394\" src=\"https:\/\/papaisonstore.com\/papaisonstore\/wp-content\/uploads\/2025\/03\/3c37acf0-4a88-47e5-a18c-446cd65a6ac9-1.jpg\" alt=\"\" class=\"wp-image-195\" style=\"width:309px;height:auto\" srcset=\"https:\/\/papaisonstore.com\/papaisonstore\/wp-content\/uploads\/2025\/03\/3c37acf0-4a88-47e5-a18c-446cd65a6ac9-1.jpg 432w, https:\/\/papaisonstore.com\/papaisonstore\/wp-content\/uploads\/2025\/03\/3c37acf0-4a88-47e5-a18c-446cd65a6ac9-1-300x274.jpg 300w\" sizes=\"auto, (max-width: 432px) 100vw, 432px\" \/><\/figure>\n\n\n\n<ol class=\"wp-block-list\">\n<li>Saque las ruedas del roller con la llave Allen.<\/li>\n\n\n\n<li>Limpie la suciedad y part\u00edculas de las ruedas y rulemanes con un trapo.<\/li>\n\n\n\n<li>Limpie los ejes.<\/li>\n\n\n\n<li>Limpie el interior del chasis con un trapo.<\/li>\n\n\n\n<li>Si los rulemanes no giran correctamente, aplique 2 gotas de lubricante. La mayor\u00eda de los lubricantes funcionan bien, pero en caso que el problema perista, debe cambiarlo por unos nuevos.<\/li>\n\n\n\n<li>Vuelva a colocar las ruedas en el chasis.<\/li>\n\n\n\n<li>Utilice una peque\u00f1a gota de sellador azul para roscas.<\/li>\n\n\n\n<li>Instale y apriete los ejes.<\/li>\n<\/ol>\n\n\n\n<p><\/p>\n\n\n\n<p class=\"has-large-font-size\"><strong><em>Espaciadores<\/em><\/strong> : <\/p>\n\n\n\n<figure class=\"wp-block-image alignright size-full is-resized\"><img loading=\"lazy\" decoding=\"async\" width=\"420\" height=\"386\" src=\"https:\/\/papaisonstore.com\/papaisonstore\/wp-content\/uploads\/2025\/03\/37c2d8ce-d960-4f07-99f6-a1c5d2b79ca3-1.jpg\" alt=\"\" class=\"wp-image-197\" style=\"width:286px;height:auto\" srcset=\"https:\/\/papaisonstore.com\/papaisonstore\/wp-content\/uploads\/2025\/03\/37c2d8ce-d960-4f07-99f6-a1c5d2b79ca3-1.jpg 420w, https:\/\/papaisonstore.com\/papaisonstore\/wp-content\/uploads\/2025\/03\/37c2d8ce-d960-4f07-99f6-a1c5d2b79ca3-1-300x276.jpg 300w\" sizes=\"auto, (max-width: 420px) 100vw, 420px\" \/><\/figure>\n\n\n\n<p>Para las ruedas de rollers en l\u00ednea normales se utilizan espaciadores pl\u00e1sticos o met\u00e1licos de 8 mm a 6 mm, en cambio los rollers con ruedas led utilizan separadores magn\u00e9ticos los cuales al girar generan luz. Como otras partes del rollers el espaciador sufre desgaste.<\/p>\n\n\n\n<p><strong>NOTA: <\/strong>Debido al funcionamiento de las ruedas con luz pueden causar peque\u00f1as vibraciones, por esto el giro ser\u00e1 un poco mas lento que las ruedas sin esta funci\u00f3n.<\/p>\n\n\n\n<p class=\"has-large-font-size\"><\/p>\n\n\n\n<p class=\"has-large-font-size\"><strong><em>Talles de los rollers :<\/em><\/strong><\/p>\n\n\n\n<p>Algunos rollers vienen con numeraci\u00f3n china o europea, lo que genera confusi\u00f3n. Para Uruguay nuestra empresa publica y ofrece sus productos con talles reales en comparaci\u00f3n con las medidas del pa\u00eds, los mismos corresponden a la siguiente tabla:<br><br>36\/37 x80mm = 23.5cm<br>38\/39 x80mm = 25cm<br>40\/41 x80mm = 26.5cm<br>42\/43 x80mm = 28cm<br>44\/45 x80mm = 29cm<br>45\/46 x80mm = 29.5cm<br><\/p>\n\n\n\n<p class=\"has-large-font-size\"><strong><em>La historia de la marca PAPAISON<\/em><\/strong> :<\/p>\n\n\n\n<p>Nuestra f\u00e1brica abri\u00f3 en 2004, en la ciudad de Yongkang, Zhejiang, China. Luego de 8 a\u00f1os de crecimiento, PAPAISON se estableci\u00f3 como TOP de ventas en el mercado RETAIL de China. Lo que nos puso a pensar, si somos l\u00edderes en un mercado con m\u00e1s de 1.4 billones de personas, \u00bfpor qu\u00e9 no expandir nuestras fronteras?. Desde ese momento comenzamos a exportar esta pasi\u00f3n a todo el mundo y hoy tenemos clientes por mayor en casi todos los continentes. <\/p>\n\n\n\n<p class=\"has-large-font-size\"><strong><em>PAPAISON y Uruguay <\/em><\/strong><\/p>\n\n\n\n<p>PAPAISON llego a Uruguay en el a\u00f1o 2022 como su 2do punto en Latinoam\u00e9rica Directo, ya que antes solo trabaj\u00e1bamos con revendedores. Esto es parte de una nueva pol\u00edtica internacional de expansi\u00f3n que la marca en la cual priorizo a Latinoam\u00e9rica por ofrecer grandes oportunidades de crecimiento.<br>Nuestro Productos est\u00e1n perfeccionados gracias a la experiencia que fuimos tomando a\u00f1o a a\u00f1o y luego de haber entregado millones de pares alrededor del mundo. Realmente esperamos que nuestro producto sea de su agrado y haber puesto nuestro granito de arena para cumplir con el eslogan que llevamos a todos lados donde estamos: \u201cSue\u00f1a sin miedo, Vive sin limites\u201d.<\/p>\n\n\n\n<p><\/p>\n\n\n\n<p class=\"has-text-align-center has-xx-large-font-size\"><strong>GARANT\u00cdA PARA ROLLERS<\/strong><\/p>\n\n\n\n<p class=\"has-medium-font-size\"><br><br><em><strong>Garant\u00eda v\u00e1lida por 30 d\u00edas corridos<\/strong><\/em><br><br><strong>DESDE:<\/strong> fecha de ticket de compra.<br>* Presentando este comprobante y el ticket de compra SIN EXCEPCI\u00d3N.<br>* El inicio del reclamo se tomar\u00e1 desde el 1er aviso por cualquiera de los medios que comentamos al pie de la presente.<br>* Luego de recibirlo nuestro servicio t\u00e9cnico, contar\u00e1 con 5 d\u00edas h\u00e1biles para chequearlo.<br>* Luego de verificarlo nos informar\u00e1n cu\u00e1l es la soluci\u00f3n, en el caso que el origen sea por problemas de fabricaci\u00f3n o materias primas, cubriremos el arreglo o reposici\u00f3n al 100%, pero si es por mal uso o accidental, el arreglo correr\u00eda por cuenta del cliente o se devolver\u00e1 en el mismo estado que se entrego.<\/p>\n\n\n\n<p class=\"has-large-font-size\"><strong><em>IMPORTANTE<\/em><\/strong><\/p>\n\n\n\n<ul class=\"wp-block-list\">\n<li>Si usted es del interior o no puede llegar al local, los costos del env\u00edo correr\u00e1n por cuenta del cliente. <\/li>\n\n\n\n<li>En el caso de env\u00edo, los 30 d\u00edas de esta garant\u00eda comienzan en el momento que llega o lo retira.<\/li>\n\n\n\n<li>Con su compra entregamos llaves Allen para que ajuste las ruedas, por esto en el caso de que pierda alguna parte por no hacerlo, la empresa no se har\u00e1 cargo de la reposici\u00f3n.<\/li>\n\n\n\n<li>Le compartimos nuestro contacto oficial<br><strong>Mail: papaison.uruguay@gmail.com<br>WhatsApp: 91 433137<\/strong><\/li>\n<\/ul>\n\n\n\n<p><\/p>\n","protected":false},"excerpt":{"rendered":"<p>Manual y Garant\u00eda Manual de usuario Antes de empezar La seguridad primero : Los rollers en l\u00ednea, como cualquier otro deporte que implique movimientos, es una actividad con ciertos peligros. Nosotros recomendamos que todos los usuarios utilicen protecciones; incluyendo casco, coderas, rodilleras y protector de manos, como tambi\u00e9n elementos refractarios. Usted es el \u00fanico que [&hellip;]<\/p>\n","protected":false},"author":1,"featured_media":17,"parent":0,"menu_order":0,"comment_status":"closed","ping_status":"closed","template":"","meta":{"footnotes":""},"class_list":["post-842","page","type-page","status-publish","has-post-thumbnail","hentry"],"_links":{"self":[{"href":"https:\/\/papaisonstore.com\/papaisonstore\/wp-json\/wp\/v2\/pages\/842","targetHints":{"allow":["GET"]}}],"collection":[{"href":"https:\/\/papaisonstore.com\/papaisonstore\/wp-json\/wp\/v2\/pages"}],"about":[{"href":"https:\/\/papaisonstore.com\/papaisonstore\/wp-json\/wp\/v2\/types\/page"}],"author":[{"embeddable":true,"href":"https:\/\/papaisonstore.com\/papaisonstore\/wp-json\/wp\/v2\/users\/1"}],"replies":[{"embeddable":true,"href":"https:\/\/papaisonstore.com\/papaisonstore\/wp-json\/wp\/v2\/comments?post=842"}],"version-history":[{"count":1,"href":"https:\/\/papaisonstore.com\/papaisonstore\/wp-json\/wp\/v2\/pages\/842\/revisions"}],"predecessor-version":[{"id":844,"href":"https:\/\/papaisonstore.com\/papaisonstore\/wp-json\/wp\/v2\/pages\/842\/revisions\/844"}],"wp:featuredmedia":[{"embeddable":true,"href":"https:\/\/papaisonstore.com\/papaisonstore\/wp-json\/wp\/v2\/media\/17"}],"wp:attachment":[{"href":"https:\/\/papaisonstore.com\/papaisonstore\/wp-json\/wp\/v2\/media?parent=842"}],"curies":[{"name":"wp","href":"https:\/\/api.w.org\/{rel}","templated":true}]}}