{"id":1506,"date":"2025-10-15T19:07:09","date_gmt":"2025-10-15T19:07:09","guid":{"rendered":"https:\/\/papaisonstore.com\/papaisonstore\/?page_id=1506"},"modified":"2025-10-15T19:07:09","modified_gmt":"2025-10-15T19:07:09","slug":"manual-rollers-mod-11-estaca-solar-filamento-mod-2902-2","status":"publish","type":"page","link":"https:\/\/papaisonstore.com\/papaisonstore\/manual-rollers-mod-11-estaca-solar-filamento-mod-2902-2\/","title":{"rendered":"Manual Rollers Mod: 11 Estaca Solar Filamento MOD: 2902"},"content":{"rendered":"\n<p><\/p>\n\n\n\n<div class=\"wp-block-columns is-layout-flex wp-container-core-columns-is-layout-28f84493 wp-block-columns-is-layout-flex\">\n<div class=\"wp-block-column is-layout-flow wp-block-column-is-layout-flow\" style=\"flex-basis:15%\">\n<figure class=\"wp-block-image size-large is-resized\"><img loading=\"lazy\" decoding=\"async\" width=\"1024\" height=\"680\" src=\"https:\/\/papaisonstore.com\/papaisonstore\/wp-content\/uploads\/2025\/04\/bandera-uruguay-20-1024x680.jpeg\" alt=\"\" class=\"wp-image-951\" style=\"width:86px;height:auto\" srcset=\"https:\/\/papaisonstore.com\/papaisonstore\/wp-content\/uploads\/2025\/04\/bandera-uruguay-20-1024x680.jpeg 1024w, https:\/\/papaisonstore.com\/papaisonstore\/wp-content\/uploads\/2025\/04\/bandera-uruguay-20-300x199.jpeg 300w, https:\/\/papaisonstore.com\/papaisonstore\/wp-content\/uploads\/2025\/04\/bandera-uruguay-20-768x510.jpeg 768w, https:\/\/papaisonstore.com\/papaisonstore\/wp-content\/uploads\/2025\/04\/bandera-uruguay-20.jpeg 1536w\" sizes=\"auto, (max-width: 1024px) 100vw, 1024px\" \/><\/figure>\n<\/div>\n\n\n\n<div class=\"wp-block-column is-vertically-aligned-center is-layout-flow wp-block-column-is-layout-flow\">\n<h2 class=\"wp-block-heading\">Manual y Garant\u00eda<\/h2>\n<\/div>\n<\/div>\n\n\n\n<figure class=\"wp-block-image aligncenter size-full is-resized\"><img loading=\"lazy\" decoding=\"async\" width=\"1200\" height=\"1200\" src=\"https:\/\/papaisonstore.com\/papaisonstore\/wp-content\/uploads\/2025\/09\/D_NQ_NP_2X_940905-MLA92300301837_092025-F.webp\" alt=\"\" class=\"wp-image-1360\" style=\"width:347px;height:auto\" srcset=\"https:\/\/papaisonstore.com\/papaisonstore\/wp-content\/uploads\/2025\/09\/D_NQ_NP_2X_940905-MLA92300301837_092025-F.webp 1200w, https:\/\/papaisonstore.com\/papaisonstore\/wp-content\/uploads\/2025\/09\/D_NQ_NP_2X_940905-MLA92300301837_092025-F-300x300.webp 300w, https:\/\/papaisonstore.com\/papaisonstore\/wp-content\/uploads\/2025\/09\/D_NQ_NP_2X_940905-MLA92300301837_092025-F-1024x1024.webp 1024w, https:\/\/papaisonstore.com\/papaisonstore\/wp-content\/uploads\/2025\/09\/D_NQ_NP_2X_940905-MLA92300301837_092025-F-150x150.webp 150w, https:\/\/papaisonstore.com\/papaisonstore\/wp-content\/uploads\/2025\/09\/D_NQ_NP_2X_940905-MLA92300301837_092025-F-768x768.webp 768w\" sizes=\"auto, (max-width: 1200px) 100vw, 1200px\" \/><\/figure>\n\n\n\n<p class=\"has-large-font-size\"><strong>ESTACA SOLAR FILAMENTO MOD: <strong>2902<\/strong><\/strong><\/p>\n\n\n\n<p class=\"has-large-font-size\"><strong><em>INFORMACI\u00d3N T\u00c9CNICA<\/em><\/strong><\/p>\n\n\n\n<p><\/p>\n\n\n\n<p><\/p>\n\n\n\n<ul class=\"wp-block-list\">\n<li><strong>Bater\u00eda: <\/strong>1.2v 300MAH<\/li>\n\n\n\n<li><strong>Panel Solar:<\/strong> 1.2v<\/li>\n\n\n\n<li><strong>Material: <\/strong>ABS + PVC<\/li>\n\n\n\n<li><strong>Color luz:<\/strong> Calida 3000K.<\/li>\n\n\n\n<li><strong>Nivel impermeabilidad:<\/strong> IP65<\/li>\n\n\n\n<li><strong>Tiempo de carga &#8211; descarga:<\/strong> &nbsp;4 a 8hs<\/li>\n\n\n\n<li><strong>Medidas: <\/strong>57cm largo m\u00e1ximo<\/li>\n<\/ul>\n\n\n\n<p class=\"has-text-align-center has-xx-large-font-size\" style=\"border-radius:22px\"><strong><em>Manual de usuario<\/em><\/strong><\/p>\n\n\n\n<p class=\"has-large-font-size\"><strong><em>La historia de la marca PAPAISON<\/em><\/strong> :<\/p>\n\n\n\n<p>Nuestra f\u00e1brica abri\u00f3 en 2004, en la ciudad de Yongkang, Zhejiang, China. Luego de 8 a\u00f1os de crecimiento, PAPAISON se estableci\u00f3 como TOP de ventas en el mercado RETAIL de China. Lo que nos puso a pensar, si somos l\u00edderes en un mercado con m\u00e1s de 1.4 billones de personas, \u00bfpor qu\u00e9 no expandir nuestras fronteras?. Desde ese momento comenzamos a exportar esta pasi\u00f3n a todo el mundo y hoy tenemos clientes por mayor en casi todos los continentes. <\/p>\n\n\n\n<p class=\"has-large-font-size\"><strong><em>PAPAISON y Uruguay<\/em><\/strong><\/p>\n\n\n\n<p>PAPAISON llego a Uruguay en el a\u00f1o 2022 como su 2do punto en Latinoam\u00e9rica Directo, ya que antes solo trabaj\u00e1bamos con revendedores. Esto es parte de una nueva pol\u00edtica internacional de expansi\u00f3n que la marca en la cual priorizo a Latinoam\u00e9rica por ofrecer grandes oportunidades de crecimiento.<br>Nuestro Productos est\u00e1n perfeccionados gracias a la experiencia que fuimos tomando a\u00f1o a a\u00f1o y luego de haber entregado millones de pares alrededor del mundo. Realmente esperamos que nuestro producto sea de su agrado y haber puesto nuestro granito de arena para cumplir con el eslogan que llevamos a todos lados donde estamos: \u201cSue\u00f1a sin miedo, Vive sin limites\u201d.<\/p>\n\n\n\n<p><\/p>\n\n\n\n<p class=\"has-text-align-center has-xx-large-font-size\"><strong>GARANT\u00cdA PARA LUCES<\/strong><\/p>\n\n\n\n<p class=\"has-medium-font-size\"><br><br><em><strong>Garant\u00eda v\u00e1lida por 30 d\u00edas corridos<\/strong><\/em><br><br><strong>DESDE:<\/strong> fecha de ticket de compra.<br>* Presentando este comprobante y el ticket de compra SIN EXCEPCI\u00d3N.<br>* El inicio del reclamo se tomar\u00e1 desde el 1er aviso por cualquiera de los medios que comentamos al pie de la presente.<br>* Luego de recibirlo nuestro servicio t\u00e9cnico, contar\u00e1 con 5 d\u00edas h\u00e1biles para chequearlo.<br>* Luego de verificarlo nos informar\u00e1n cu\u00e1l es la soluci\u00f3n, en el caso que el origen sea por problemas de fabricaci\u00f3n o materias primas, cubriremos el arreglo o reposici\u00f3n al 100%, pero si es por mal uso o accidental, el arreglo correr\u00eda por cuenta del cliente o se devolver\u00e1 en el mismo estado que se entrego.<\/p>\n\n\n\n<p class=\"has-large-font-size\"><strong><em>IMPORTANTE<\/em><\/strong><\/p>\n\n\n\n<ul class=\"wp-block-list\">\n<li>Si usted es del interior o no puede llegar al local, los costos del env\u00edo correr\u00e1n por cuenta del cliente.<\/li>\n\n\n\n<li>En el caso de env\u00edo, los 30 d\u00edas de esta garant\u00eda comienzan en el momento que llega o lo retira.<\/li>\n\n\n\n<li>El ajuste inicial y mantenimiento continuo del producto es responsabilidad de usuarios, por esto en el caso de que pierda alguna parte por este motivo, la empresa no se har\u00e1 cargo de la reposici\u00f3n.<\/li>\n\n\n\n<li>Le compartimos nuestro contacto oficial<br><strong>Mail: papaison.uruguay@gmail.com<br>WhatsApp: 91 433137<\/strong><\/li>\n<\/ul>\n\n\n\n<p><\/p>\n","protected":false},"excerpt":{"rendered":"<p>Manual y Garant\u00eda ESTACA SOLAR FILAMENTO MOD: 2902 INFORMACI\u00d3N T\u00c9CNICA Manual de usuario La historia de la marca PAPAISON : Nuestra f\u00e1brica abri\u00f3 en 2004, en la ciudad de Yongkang, Zhejiang, China. Luego de 8 a\u00f1os de crecimiento, PAPAISON se estableci\u00f3 como TOP de ventas en el mercado RETAIL de China. Lo que nos puso [&hellip;]<\/p>\n","protected":false},"author":1,"featured_media":17,"parent":0,"menu_order":0,"comment_status":"closed","ping_status":"closed","template":"","meta":{"footnotes":""},"class_list":["post-1506","page","type-page","status-publish","has-post-thumbnail","hentry"],"_links":{"self":[{"href":"https:\/\/papaisonstore.com\/papaisonstore\/wp-json\/wp\/v2\/pages\/1506","targetHints":{"allow":["GET"]}}],"collection":[{"href":"https:\/\/papaisonstore.com\/papaisonstore\/wp-json\/wp\/v2\/pages"}],"about":[{"href":"https:\/\/papaisonstore.com\/papaisonstore\/wp-json\/wp\/v2\/types\/page"}],"author":[{"embeddable":true,"href":"https:\/\/papaisonstore.com\/papaisonstore\/wp-json\/wp\/v2\/users\/1"}],"replies":[{"embeddable":true,"href":"https:\/\/papaisonstore.com\/papaisonstore\/wp-json\/wp\/v2\/comments?post=1506"}],"version-history":[{"count":1,"href":"https:\/\/papaisonstore.com\/papaisonstore\/wp-json\/wp\/v2\/pages\/1506\/revisions"}],"predecessor-version":[{"id":1507,"href":"https:\/\/papaisonstore.com\/papaisonstore\/wp-json\/wp\/v2\/pages\/1506\/revisions\/1507"}],"wp:featuredmedia":[{"embeddable":true,"href":"https:\/\/papaisonstore.com\/papaisonstore\/wp-json\/wp\/v2\/media\/17"}],"wp:attachment":[{"href":"https:\/\/papaisonstore.com\/papaisonstore\/wp-json\/wp\/v2\/media?parent=1506"}],"curies":[{"name":"wp","href":"https:\/\/api.w.org\/{rel}","templated":true}]}}